{"id":4546,"date":"2023-08-23T16:21:44","date_gmt":"2023-08-23T16:21:44","guid":{"rendered":"https:\/\/dedicar.com.uy\/beta\/?page_id=4546"},"modified":"2025-10-02T17:34:49","modified_gmt":"2025-10-02T20:34:49","slug":"beneficios","status":"publish","type":"page","link":"https:\/\/dedicar.com.uy\/pb\/beneficios\/","title":{"rendered":"(Espa\u00f1ol) Beneficios"},"content":{"rendered":"<p class=\"qtranxs-available-languages-message qtranxs-available-languages-message-pb\">Desculpe-nos, mas este texto est\u00e1 apenas dispon\u00edvel em <a href=\"https:\/\/dedicar.com.uy\/es\/wp-json\/wp\/v2\/pages\/4546\" class=\"qtranxs-available-language-link qtranxs-available-language-link-es\" title=\"Espa\u00f1ol\">Espa\u00f1ol<\/a>.<\/p>\n","protected":false},"excerpt":{"rendered":"<p>Desculpe-nos, mas este texto est\u00e1 apenas dispon\u00edvel em Espa\u00f1ol.<\/p>\n","protected":false},"author":1,"featured_media":0,"parent":0,"menu_order":0,"comment_status":"closed","ping_status":"closed","template":"","meta":{"footnotes":""},"class_list":["post-4546","page","type-page","status-publish","hentry"],"aioseo_notices":[],"_links":{"self":[{"href":"https:\/\/dedicar.com.uy\/pb\/wp-json\/wp\/v2\/pages\/4546","targetHints":{"allow":["GET"]}}],"collection":[{"href":"https:\/\/dedicar.com.uy\/pb\/wp-json\/wp\/v2\/pages"}],"about":[{"href":"https:\/\/dedicar.com.uy\/pb\/wp-json\/wp\/v2\/types\/page"}],"author":[{"embeddable":true,"href":"https:\/\/dedicar.com.uy\/pb\/wp-json\/wp\/v2\/users\/1"}],"replies":[{"embeddable":true,"href":"https:\/\/dedicar.com.uy\/pb\/wp-json\/wp\/v2\/comments?post=4546"}],"version-history":[{"count":40,"href":"https:\/\/dedicar.com.uy\/pb\/wp-json\/wp\/v2\/pages\/4546\/revisions"}],"predecessor-version":[{"id":5105,"href":"https:\/\/dedicar.com.uy\/pb\/wp-json\/wp\/v2\/pages\/4546\/revisions\/5105"}],"wp:attachment":[{"href":"https:\/\/dedicar.com.uy\/pb\/wp-json\/wp\/v2\/media?parent=4546"}],"curies":[{"name":"wp","href":"https:\/\/api.w.org\/{rel}","templated":true}]}}