{"id":4626,"date":"2023-08-30T16:14:50","date_gmt":"2023-08-30T16:14:50","guid":{"rendered":"https:\/\/dedicar.com.uy\/beta\/?page_id=4626"},"modified":"2025-10-01T11:41:25","modified_gmt":"2025-10-01T14:41:25","slug":"planes-individuales","status":"publish","type":"page","link":"https:\/\/dedicar.com.uy\/pb\/planes-individuales\/","title":{"rendered":"#2"},"content":{"rendered":"<p class=\"qtranxs-available-languages-message qtranxs-available-languages-message-pb\">Desculpe-nos, mas este texto est\u00e1 apenas dispon\u00edvel em <a href=\"https:\/\/dedicar.com.uy\/es\/wp-json\/wp\/v2\/pages\/4626\" class=\"qtranxs-available-language-link qtranxs-available-language-link-es\" title=\"Espa\u00f1ol\">Espa\u00f1ol<\/a>.<\/p>\n","protected":false},"excerpt":{"rendered":"<p>Desculpe-nos, mas este texto est\u00e1 apenas dispon\u00edvel em Espa\u00f1ol.<\/p>\n","protected":false},"author":1,"featured_media":0,"parent":0,"menu_order":0,"comment_status":"closed","ping_status":"closed","template":"","meta":{"footnotes":""},"class_list":["post-4626","page","type-page","status-publish","hentry"],"aioseo_notices":[],"_links":{"self":[{"href":"https:\/\/dedicar.com.uy\/pb\/wp-json\/wp\/v2\/pages\/4626","targetHints":{"allow":["GET"]}}],"collection":[{"href":"https:\/\/dedicar.com.uy\/pb\/wp-json\/wp\/v2\/pages"}],"about":[{"href":"https:\/\/dedicar.com.uy\/pb\/wp-json\/wp\/v2\/types\/page"}],"author":[{"embeddable":true,"href":"https:\/\/dedicar.com.uy\/pb\/wp-json\/wp\/v2\/users\/1"}],"replies":[{"embeddable":true,"href":"https:\/\/dedicar.com.uy\/pb\/wp-json\/wp\/v2\/comments?post=4626"}],"version-history":[{"count":17,"href":"https:\/\/dedicar.com.uy\/pb\/wp-json\/wp\/v2\/pages\/4626\/revisions"}],"predecessor-version":[{"id":5091,"href":"https:\/\/dedicar.com.uy\/pb\/wp-json\/wp\/v2\/pages\/4626\/revisions\/5091"}],"wp:attachment":[{"href":"https:\/\/dedicar.com.uy\/pb\/wp-json\/wp\/v2\/media?parent=4626"}],"curies":[{"name":"wp","href":"https:\/\/api.w.org\/{rel}","templated":true}]}}