{"id":5038,"date":"2025-08-08T11:39:11","date_gmt":"2025-08-08T14:39:11","guid":{"rendered":"https:\/\/dedicar.com.uy\/?page_id=5038"},"modified":"2025-08-08T17:01:11","modified_gmt":"2025-08-08T20:01:11","slug":"promocion-referidos","status":"publish","type":"page","link":"https:\/\/dedicar.com.uy\/pb\/promocion-referidos\/","title":{"rendered":"(Espa\u00f1ol) Promoci\u00f3n referidos"},"content":{"rendered":"<p class=\"qtranxs-available-languages-message qtranxs-available-languages-message-pb\">Desculpe-nos, mas este texto est\u00e1 apenas dispon\u00edvel em <a href=\"https:\/\/dedicar.com.uy\/es\/wp-json\/wp\/v2\/pages\/5038\" class=\"qtranxs-available-language-link qtranxs-available-language-link-es\" title=\"Espa\u00f1ol\">Espa\u00f1ol<\/a>.<\/p>\n","protected":false},"excerpt":{"rendered":"<p>Desculpe-nos, mas este texto est\u00e1 apenas dispon\u00edvel em Espa\u00f1ol.<\/p>\n","protected":false},"author":1,"featured_media":0,"parent":0,"menu_order":0,"comment_status":"closed","ping_status":"closed","template":"","meta":{"footnotes":""},"class_list":["post-5038","page","type-page","status-publish","hentry"],"aioseo_notices":[],"_links":{"self":[{"href":"https:\/\/dedicar.com.uy\/pb\/wp-json\/wp\/v2\/pages\/5038","targetHints":{"allow":["GET"]}}],"collection":[{"href":"https:\/\/dedicar.com.uy\/pb\/wp-json\/wp\/v2\/pages"}],"about":[{"href":"https:\/\/dedicar.com.uy\/pb\/wp-json\/wp\/v2\/types\/page"}],"author":[{"embeddable":true,"href":"https:\/\/dedicar.com.uy\/pb\/wp-json\/wp\/v2\/users\/1"}],"replies":[{"embeddable":true,"href":"https:\/\/dedicar.com.uy\/pb\/wp-json\/wp\/v2\/comments?post=5038"}],"version-history":[{"count":20,"href":"https:\/\/dedicar.com.uy\/pb\/wp-json\/wp\/v2\/pages\/5038\/revisions"}],"predecessor-version":[{"id":5069,"href":"https:\/\/dedicar.com.uy\/pb\/wp-json\/wp\/v2\/pages\/5038\/revisions\/5069"}],"wp:attachment":[{"href":"https:\/\/dedicar.com.uy\/pb\/wp-json\/wp\/v2\/media?parent=5038"}],"curies":[{"name":"wp","href":"https:\/\/api.w.org\/{rel}","templated":true}]}}